{"id":26748,"date":"2018-06-06T08:04:15","date_gmt":"2018-06-06T07:04:15","guid":{"rendered":"http:\/\/www.acs.si\/?page_id=26748"},"modified":"2021-07-19T15:03:01","modified_gmt":"2021-07-19T13:03:01","slug":"training-of-adult-educators","status":"publish","type":"page","link":"https:\/\/www.acs.si\/en\/fields-of-work\/training-of-adult-educators\/","title":{"rendered":"Training of adult educators"},"content":{"rendered":"<p>[et_pb_section fb_built=&#8221;1&#8243; _builder_version=&#8221;3.22&#8243;][et_pb_row _builder_version=&#8221;3.25&#8243;][et_pb_column type=&#8221;4_4&#8243; _builder_version=&#8221;3.25&#8243; custom_padding=&#8221;|||&#8221; custom_padding__hover=&#8221;|||&#8221;][et_pb_text admin_label=&#8221;Povzetek v okvirju&#8221; _builder_version=&#8221;3.27.4&#8243; text_text_color=&#8221;#ffffff&#8221; background_layout=&#8221;dark&#8221;]<\/p>\n<div class=\"summary\">\n<div class=\"summaryIcon\"><img decoding=\"async\" src=\"https:\/\/www.acs.si\/wp-content\/themes\/andragoski\/images\/icons\/icon_andragosko_spopolnjevanje.svg\" alt=\"image\" \/><\/div>\n<div>\n<p>The activity of adult education training is aimed at the <strong>professional development of adult educators<\/strong> who perform adult education work or come into contact with adult education in their work. It therefore represents a supplementation or upgrading of formal learning.<\/p>\n<p>The fundamental objectives of this activity include:<\/p>\n<ul>\n<li>to provide fundamental adult education training to all those who lack adult education knowledge but require it in their work;<\/li>\n<li>to provide knowledge about innovations as well as specialised and in-depth knowledge to adult educators;<\/li>\n<li>to support the introduction of innovations in adult education through training;<\/li>\n<li>to develop ICT support and learning resources.<\/li>\n<\/ul>\n<\/div>\n<\/div>\n<p>[\/et_pb_text][\/et_pb_column][\/et_pb_row][et_pb_row _builder_version=&#8221;4.9.7&#8243; background_size=&#8221;initial&#8221; background_position=&#8221;top_left&#8221; background_repeat=&#8221;repeat&#8221;][et_pb_column type=&#8221;4_4&#8243; _builder_version=&#8221;3.25&#8243; custom_padding=&#8221;|||&#8221; custom_padding__hover=&#8221;|||&#8221;][et_pb_text admin_label=&#8221;Opis podro\u010dja&#8221; _builder_version=&#8221;4.9.7&#8243; hover_enabled=&#8221;0&#8243; sticky_enabled=&#8221;0&#8243;]<\/p>\n<p>We organise and implement various types of training:<\/p>\n<ul>\n<li><strong>general basic adult education training <\/strong>\u2013 participants acquire and train their adult education knowledge included in the adult education cycle;<\/li>\n<li><strong>basic specialist training for specific roles in adult education <\/strong>\u2013 participants acquire specialist adult education knowledge allowing them to play special roles in adult education, e.g. head or mentor of study circles, teacher in literacy programmes, counsellor at guidance centres, counsellor and mentor in organised independent learning, adviser in the development of the quality of adult education, etc.;<\/li>\n<li><strong>training of adult educators <\/strong>\u2013 participants advance their knowledge, reflect on and exchange their practices with others and strengthen their own professional identities.<\/li>\n<\/ul>\n<p>We have designed the programmes based on the <em>learning-targeted approach<\/em> that we are gradually upgrading as we keep in step with the development of the profession. We have therefore designed a <a href=\"https:\/\/izobrazevanje.acs.si\/competence_approach\/index.php?nid=17000&amp;id=1068\" target=\"_blank\" rel=\"noopener\">competence-based scheme<\/a> for adult educator training. An important element of the training activities at the SIAE is also the development of <strong>professional literature and study materials. <\/strong>Numerous professional publications, manuals and analytical studies are publicly available in the <a href=\"https:\/\/izobrazevanje.acs.si\/bookshelf\/\" target=\"_blank\" rel=\"noopener\">Publications<\/a> section<strong>.<\/strong><\/p>\n<p>You can view our offered programmes in the <a href=\"https:\/\/izobrazevanje.acs.si\/programmes\/\" target=\"_blank\" rel=\"noopener\">web based catalogue of training programmes for adult educators<\/a>.<\/p>\n<p>Do you intend to attend any of the training programmes in the duration of more than 24 pedagogical hours or less? Compete for <a href=\"https:\/\/izobrazevanje.acs.si\/recognition\/\" target=\"_blank\" rel=\"noopener\">recognition<\/a> of your already acquired knowledge.<\/p>\n<div class=\"oSioSc\">\n<div id=\"tw-target\">\n<div tabindex=\"0\">\u00a0<\/div>\n<ul>\n<li tabindex=\"0\"><a href=\"https:\/\/www.acs.si\/en\/projects\/national\/development-of-approaches-to-adult-education-trainings-and-seminars\/\" target=\"_blank\" rel=\"noopener\">Development of approaches to adult education trainings and seminars<\/a><\/li>\n<li tabindex=\"0\"><a href=\"https:\/\/www.acs.si\/en\/projects\/national\/implementation-and-monitoring-of-adult-education-training-programmes\/\" target=\"_blank\" rel=\"noopener\">Implementation and monitoring of Adult Education Training Programmes<\/a><\/li>\n<li tabindex=\"0\"><a href=\"https:\/\/www.acs.si\/projekti\/projekti-ess\/kompetence-strokovnih-delavcev-2018-2022\/\" target=\"_blank\" rel=\"noopener\">Competences of adult education professionals 2018\u20132022<\/a><\/li>\n<\/ul>\n<\/div>\n<\/div>\n<p>[\/et_pb_text][\/et_pb_column][\/et_pb_row][et_pb_row _builder_version=&#8221;4.9.7&#8243; background_size=&#8221;initial&#8221; background_position=&#8221;top_left&#8221; background_repeat=&#8221;repeat&#8221;][et_pb_column type=&#8221;4_4&#8243; _builder_version=&#8221;3.25&#8243; custom_padding=&#8221;|||&#8221; custom_padding__hover=&#8221;|||&#8221;][et_pb_text admin_label=&#8221;Citat&#8221; _builder_version=&#8221;3.27.4&#8243;]<\/p>\n<div class=\"blockquote\">\n<p>Every truth has four corners: as a teacher I give you one corner, and it is for you to find the other three.<\/p>\n<p class=\"author\">(Confucius)<\/p>\n<\/div>\n<p>[\/et_pb_text][\/et_pb_column][\/et_pb_row][\/et_pb_section][et_pb_section fb_built=&#8221;1&#8243; _builder_version=&#8221;4.9.7&#8243;][et_pb_row _builder_version=&#8221;4.9.7&#8243; background_size=&#8221;initial&#8221; background_position=&#8221;top_left&#8221; background_repeat=&#8221;repeat&#8221;][\/et_pb_row][\/et_pb_section]<\/p>\n","protected":false},"excerpt":{"rendered":"<p>The activity of&#8230;<\/p>\n","protected":false},"author":161,"featured_media":0,"parent":28313,"menu_order":0,"comment_status":"closed","ping_status":"closed","template":"","meta":{"_acf_changed":false,"_et_pb_use_builder":"on","_et_pb_old_content":"<div class=\"summary\"><div class=\"summaryIcon\"><img src=\"https:\/\/www.acs.si\/wp-content\/themes\/andragoski\/images\/icons\/icon_andragosko_spopolnjevanje.svg\" alt=\"image\" \/><\/div><p>Dejavnost andrago\u0161kega usposabljanja in spopolnjevanja, ki jo razvijamo in izvajamo na Andrago\u0161kem centru Slovenije (ACS), je namenjena strokovnemu razvoju izobra\u017eevalcev odraslih, ko \u017ee delujejo na podro\u010dju izobra\u017eevanja odraslih, ali delujejo na drugih podro\u010djih in se pri svojem delu sre\u010dujejo tudi z izobra\u017eevanjem odraslih. Dejavnost dopolnjuje za\u010detno in nadaljnje formalno izobra\u017eevanje odraslih.<\/p><p>Temeljni cilji te dejavnosti so:<\/p><ul><li>Omogo\u010diti temeljno andrago\u0161ko usposabljanje vsem tistim, ki nimajo dovolj andrago\u0161kega znanja, pa ga pri delu potrebujejo.<\/li><li>Izobra\u017eevalcem odraslih nuditi spopolnjevanje o novostih, specialno in poglobljeno znanje.<\/li><li>Z usposabljanjem podpirati uvajanje novosti v omre\u017eja izobra\u017eevanja odraslih.<\/li><li>Razvijati IKT podporo in u\u010dne vire.<\/li><\/ul><\/div><p>Izobra\u017eevalci odraslih se na ACS lahko vklju\u010dujejo v naslednje vrste usposabljanja in spopolnjevanja:<\/p><ul><li style=\"list-style-type: none;\"><ul><li>Splo\u0161no temeljno usposabljanje in spopolnjevanje za andrago\u0161ko delo;<\/li><\/ul><\/li><\/ul><p>V programih udele\u017eenci pridobivajo in spopolnjujejo andrago\u0161ka znanja, ki jih zajema andrago\u0161ki cikel.<\/p><ul><li style=\"list-style-type: none;\"><ul><li>Temeljno specialisti\u010dno usposabljanje za posebne vloge v andrago\u0161kem delu.<\/li><\/ul><\/li><\/ul><p>V programih udele\u017eenci pridobivajo specialisti\u010dna andrago\u0161ka znanja za opravljanje posebnih vlog v izobra\u017eevanju odraslih kot so npr: vodja in mentor \u0161tudijskih kro\u017ekov, u\u010ditelj v programih pismenosti, svetovalec v svetovalnih sredi\u0161\u010dih, svetovalec in mentor pri organiziranem samostojnem u\u010denju, svetovalec za razvoj kakovosti izobra\u017eevanja odraslih idr.<\/p><ul><li style=\"list-style-type: none;\"><ul><li>Andrago\u0161ko spopolnjevanje.<\/li><\/ul><\/li><\/ul><p>V programih udele\u017eenci spopolnjujejo svoja znanja, premislijo svojo prakso in jo izmenjujejo z drugimi ter krepijo lastno strokovno identiteto.<\/p><p>Na\u0161o programsko ponudbo si lahko ogledate v <a href=\"https:\/\/izobrazevanje.acs.si\/programoteka_as\/\" target=\"_blank\" rel=\"noopener\">spletni programoteki andrago\u0161kega usposabljanja in spopolnjevanja.<\/a><\/p><p>Programi, ki smo jih razvili na ACS, so zasnovani na u\u010dno-ciljnem pristopu. Da bi sledili razvoju stroke, u\u010dno-ciljno na\u010drtovanje postopoma nadgrajujemo s <a href=\"https:\/\/izobrazevanje.acs.si\/kompetence\/\" target=\"_blank\" rel=\"noopener\">kompeten\u010dnim pristopom<\/a>. Za to smo oblikovali <a href=\"https:\/\/izobrazevanje.acs.si\/kompetence\/index.php?nid=7000&id=1057\" target=\"_blank\" rel=\"noopener\">kompeten\u010dno zasnovo<\/a> usposabljanja in spopolnjevanja izobra\u017eevalcev odraslih v programih ACS.<\/p><p>ACS vsem, ki se nameravajo udele\u017eiti katerega izmed programov usposabljanja in spopolnjevanja, ki trajajo ve\u010d kot 24 pedago\u0161kih ur, lahko pa tudi tistih, ki trajajo manj, \u010de je v programu tako dolo\u010deno, omogo\u010da, da zaprosijo za <a href=\"https:\/\/izobrazevanje.acs.si\/priznavanje\/\" target=\"_blank\" rel=\"noopener\">priznavanje njihovega \u017ee pridobljenega znanja<\/a>.<\/p><p>Pomemben del dejavnosti usposabljanja in spopolnjevanja na ACS je tudi razvoj strokovne literature in u\u010dnih gradiv. \u0160tevilne strokovne publikacije, priro\u010dnike, analiti\u010dne \u0161tudije so javno dostopne na <a href=\"https:\/\/izobrazevanje.acs.si\/knjizna_polica\/\" target=\"_blank\" rel=\"noopener\">spletni knji\u017eni polici<\/a>.<\/p>","_et_gb_content_width":"","inline_featured_image":false,"footnotes":""},"class_list":["post-26748","page","type-page","status-publish","hentry"],"acf":[],"yoast_head":"<!-- This site is optimized with the Yoast SEO plugin v26.2 - https:\/\/yoast.com\/wordpress\/plugins\/seo\/ -->\n<title>Training of adult educators | Andrago\u0161ki center Republike Slovenije<\/title>\n<meta name=\"robots\" content=\"index, follow, max-snippet:-1, max-image-preview:large, max-video-preview:-1\" \/>\n<link rel=\"canonical\" href=\"https:\/\/www.acs.si\/en\/fields-of-work\/training-of-adult-educators\/\" \/>\n<meta property=\"og:locale\" content=\"en_US\" \/>\n<meta property=\"og:type\" content=\"article\" \/>\n<meta property=\"og:title\" content=\"Training of adult educators | Andrago\u0161ki center Republike Slovenije\" \/>\n<meta property=\"og:description\" content=\"The activity of...\" \/>\n<meta property=\"og:url\" content=\"https:\/\/www.acs.si\/en\/fields-of-work\/training-of-adult-educators\/\" \/>\n<meta property=\"og:site_name\" content=\"Andrago\u0161ki center Republike Slovenije\" \/>\n<meta property=\"article:publisher\" content=\"https:\/\/www.facebook.com\/AndragoskiCenterSlovenije\/\" \/>\n<meta property=\"article:modified_time\" content=\"2021-07-19T13:03:01+00:00\" \/>\n<meta property=\"og:image\" content=\"https:\/\/www.acs.si\/wp-content\/themes\/andragoski\/images\/icons\/icon_andragosko_spopolnjevanje.svg\" \/>\n<meta name=\"twitter:card\" content=\"summary_large_image\" \/>\n<meta name=\"twitter:label1\" content=\"Est. reading time\" \/>\n\t<meta name=\"twitter:data1\" content=\"3 minutes\" \/>\n<script type=\"application\/ld+json\" class=\"yoast-schema-graph\">{\"@context\":\"https:\/\/schema.org\",\"@graph\":[{\"@type\":\"WebPage\",\"@id\":\"https:\/\/www.acs.si\/en\/fields-of-work\/training-of-adult-educators\/\",\"url\":\"https:\/\/www.acs.si\/en\/fields-of-work\/training-of-adult-educators\/\",\"name\":\"Training of adult educators | Andrago\u0161ki center Republike Slovenije\",\"isPartOf\":{\"@id\":\"https:\/\/www.acs.si\/#website\"},\"primaryImageOfPage\":{\"@id\":\"https:\/\/www.acs.si\/en\/fields-of-work\/training-of-adult-educators\/#primaryimage\"},\"image\":{\"@id\":\"https:\/\/www.acs.si\/en\/fields-of-work\/training-of-adult-educators\/#primaryimage\"},\"thumbnailUrl\":\"https:\/\/www.acs.si\/wp-content\/themes\/andragoski\/images\/icons\/icon_andragosko_spopolnjevanje.svg\",\"datePublished\":\"2018-06-06T07:04:15+00:00\",\"dateModified\":\"2021-07-19T13:03:01+00:00\",\"breadcrumb\":{\"@id\":\"https:\/\/www.acs.si\/en\/fields-of-work\/training-of-adult-educators\/#breadcrumb\"},\"inLanguage\":\"en-US\",\"potentialAction\":[{\"@type\":\"ReadAction\",\"target\":[\"https:\/\/www.acs.si\/en\/fields-of-work\/training-of-adult-educators\/\"]}]},{\"@type\":\"ImageObject\",\"inLanguage\":\"en-US\",\"@id\":\"https:\/\/www.acs.si\/en\/fields-of-work\/training-of-adult-educators\/#primaryimage\",\"url\":\"https:\/\/www.acs.si\/wp-content\/themes\/andragoski\/images\/icons\/icon_andragosko_spopolnjevanje.svg\",\"contentUrl\":\"https:\/\/www.acs.si\/wp-content\/themes\/andragoski\/images\/icons\/icon_andragosko_spopolnjevanje.svg\"},{\"@type\":\"BreadcrumbList\",\"@id\":\"https:\/\/www.acs.si\/en\/fields-of-work\/training-of-adult-educators\/#breadcrumb\",\"itemListElement\":[{\"@type\":\"ListItem\",\"position\":1,\"name\":\"Home\",\"item\":\"https:\/\/www.acs.si\/en\/\"},{\"@type\":\"ListItem\",\"position\":2,\"name\":\"Fields of Work\",\"item\":\"https:\/\/www.acs.si\/en\/fields-of-work\/\"},{\"@type\":\"ListItem\",\"position\":3,\"name\":\"Training of adult educators\"}]},{\"@type\":\"WebSite\",\"@id\":\"https:\/\/www.acs.si\/#website\",\"url\":\"https:\/\/www.acs.si\/\",\"name\":\"Andrago\u0161ki center Republike Slovenije\",\"description\":\"\",\"potentialAction\":[{\"@type\":\"SearchAction\",\"target\":{\"@type\":\"EntryPoint\",\"urlTemplate\":\"https:\/\/www.acs.si\/?s={search_term_string}\"},\"query-input\":{\"@type\":\"PropertyValueSpecification\",\"valueRequired\":true,\"valueName\":\"search_term_string\"}}],\"inLanguage\":\"en-US\"}]}<\/script>\n<!-- \/ Yoast SEO plugin. -->","yoast_head_json":{"title":"Training of adult educators | Andrago\u0161ki center Republike Slovenije","robots":{"index":"index","follow":"follow","max-snippet":"max-snippet:-1","max-image-preview":"max-image-preview:large","max-video-preview":"max-video-preview:-1"},"canonical":"https:\/\/www.acs.si\/en\/fields-of-work\/training-of-adult-educators\/","og_locale":"en_US","og_type":"article","og_title":"Training of adult educators | Andrago\u0161ki center Republike Slovenije","og_description":"The activity of...","og_url":"https:\/\/www.acs.si\/en\/fields-of-work\/training-of-adult-educators\/","og_site_name":"Andrago\u0161ki center Republike Slovenije","article_publisher":"https:\/\/www.facebook.com\/AndragoskiCenterSlovenije\/","article_modified_time":"2021-07-19T13:03:01+00:00","og_image":[{"url":"https:\/\/www.acs.si\/wp-content\/themes\/andragoski\/images\/icons\/icon_andragosko_spopolnjevanje.svg","type":"","width":"","height":""}],"twitter_card":"summary_large_image","twitter_misc":{"Est. reading time":"3 minutes"},"schema":{"@context":"https:\/\/schema.org","@graph":[{"@type":"WebPage","@id":"https:\/\/www.acs.si\/en\/fields-of-work\/training-of-adult-educators\/","url":"https:\/\/www.acs.si\/en\/fields-of-work\/training-of-adult-educators\/","name":"Training of adult educators | Andrago\u0161ki center Republike Slovenije","isPartOf":{"@id":"https:\/\/www.acs.si\/#website"},"primaryImageOfPage":{"@id":"https:\/\/www.acs.si\/en\/fields-of-work\/training-of-adult-educators\/#primaryimage"},"image":{"@id":"https:\/\/www.acs.si\/en\/fields-of-work\/training-of-adult-educators\/#primaryimage"},"thumbnailUrl":"https:\/\/www.acs.si\/wp-content\/themes\/andragoski\/images\/icons\/icon_andragosko_spopolnjevanje.svg","datePublished":"2018-06-06T07:04:15+00:00","dateModified":"2021-07-19T13:03:01+00:00","breadcrumb":{"@id":"https:\/\/www.acs.si\/en\/fields-of-work\/training-of-adult-educators\/#breadcrumb"},"inLanguage":"en-US","potentialAction":[{"@type":"ReadAction","target":["https:\/\/www.acs.si\/en\/fields-of-work\/training-of-adult-educators\/"]}]},{"@type":"ImageObject","inLanguage":"en-US","@id":"https:\/\/www.acs.si\/en\/fields-of-work\/training-of-adult-educators\/#primaryimage","url":"https:\/\/www.acs.si\/wp-content\/themes\/andragoski\/images\/icons\/icon_andragosko_spopolnjevanje.svg","contentUrl":"https:\/\/www.acs.si\/wp-content\/themes\/andragoski\/images\/icons\/icon_andragosko_spopolnjevanje.svg"},{"@type":"BreadcrumbList","@id":"https:\/\/www.acs.si\/en\/fields-of-work\/training-of-adult-educators\/#breadcrumb","itemListElement":[{"@type":"ListItem","position":1,"name":"Home","item":"https:\/\/www.acs.si\/en\/"},{"@type":"ListItem","position":2,"name":"Fields of Work","item":"https:\/\/www.acs.si\/en\/fields-of-work\/"},{"@type":"ListItem","position":3,"name":"Training of adult educators"}]},{"@type":"WebSite","@id":"https:\/\/www.acs.si\/#website","url":"https:\/\/www.acs.si\/","name":"Andrago\u0161ki center Republike Slovenije","description":"","potentialAction":[{"@type":"SearchAction","target":{"@type":"EntryPoint","urlTemplate":"https:\/\/www.acs.si\/?s={search_term_string}"},"query-input":{"@type":"PropertyValueSpecification","valueRequired":true,"valueName":"search_term_string"}}],"inLanguage":"en-US"}]}},"_links":{"self":[{"href":"https:\/\/www.acs.si\/en\/wp-json\/wp\/v2\/pages\/26748","targetHints":{"allow":["GET"]}}],"collection":[{"href":"https:\/\/www.acs.si\/en\/wp-json\/wp\/v2\/pages"}],"about":[{"href":"https:\/\/www.acs.si\/en\/wp-json\/wp\/v2\/types\/page"}],"author":[{"embeddable":true,"href":"https:\/\/www.acs.si\/en\/wp-json\/wp\/v2\/users\/161"}],"replies":[{"embeddable":true,"href":"https:\/\/www.acs.si\/en\/wp-json\/wp\/v2\/comments?post=26748"}],"version-history":[{"count":13,"href":"https:\/\/www.acs.si\/en\/wp-json\/wp\/v2\/pages\/26748\/revisions"}],"predecessor-version":[{"id":41820,"href":"https:\/\/www.acs.si\/en\/wp-json\/wp\/v2\/pages\/26748\/revisions\/41820"}],"up":[{"embeddable":true,"href":"https:\/\/www.acs.si\/en\/wp-json\/wp\/v2\/pages\/28313"}],"wp:attachment":[{"href":"https:\/\/www.acs.si\/en\/wp-json\/wp\/v2\/media?parent=26748"}],"curies":[{"name":"wp","href":"https:\/\/api.w.org\/{rel}","templated":true}]}}