{"id":26291,"date":"2017-12-13T14:11:58","date_gmt":"2017-12-13T13:11:58","guid":{"rendered":"http:\/\/acs.si\/clanstvo-v-eaea\/"},"modified":"2025-02-06T07:31:34","modified_gmt":"2025-02-06T06:31:34","slug":"eaea-membership","status":"publish","type":"page","link":"https:\/\/www.acs.si\/en\/international-cooperation\/eaea-membership\/","title":{"rendered":"EAEA Membership"},"content":{"rendered":"<p>[et_pb_section fb_built=&#8221;1&#8243; _builder_version=&#8221;4.16&#8243; global_colors_info=&#8221;{}&#8221;][et_pb_row _builder_version=&#8221;4.16&#8243; background_size=&#8221;initial&#8221; background_position=&#8221;top_left&#8221; background_repeat=&#8221;repeat&#8221; global_colors_info=&#8221;{}&#8221;][et_pb_column type=&#8221;4_4&#8243; _builder_version=&#8221;4.16&#8243; custom_padding=&#8221;|||&#8221; global_colors_info=&#8221;{}&#8221; custom_padding__hover=&#8221;|||&#8221;][et_pb_text _builder_version=&#8221;4.16&#8243; global_colors_info=&#8221;{}&#8221;]<\/p>\n<p>\nThe European Association for the Education of Adults (<a href=\"http:\/\/www.eaea.org\/\" target=\"_blank\" rel=\"noopener noreferrer\">EAEA<\/a>) is a non-governmental organization, founded in 1953, with more than\u00a0140 members from 44 countries.<\/p>\n<p>Main activities:<\/p>\n<ul>\n<li>Advocacy work \u2013 especially as far as non-formal adult education and lifelong learning are concerned; cooperation with EU institutions, national and regional governments and many international and national NGOs; membership in several influential European associations and platforms;<\/li>\n<li>Representation of adult education civil society in official working groups and conferences;<\/li>\n<li>Release of <a href=\"https:\/\/eaea.org\/our-resources\/publications\/\" target=\"_blank\" rel=\"noopener noreferrer\">publications<\/a>, reports, handbooks as well as project information and results;<\/li>\n<li>Facilitation of contacts with and between adult education stakeholders and other NGOs as well as close cooperation with EU decision-makers;<\/li>\n<li>Cooperation with other research and development institutions, including universities;<\/li>\n<li>Leading of and cooperation in Erasmus+ projects.<\/li>\n<\/ul>\n<p>[\/et_pb_text][\/et_pb_column][\/et_pb_row][et_pb_row column_structure=&#8221;3_4,1_4&#8243; _builder_version=&#8221;4.16&#8243; background_size=&#8221;initial&#8221; background_position=&#8221;top_left&#8221; background_repeat=&#8221;repeat&#8221; global_colors_info=&#8221;{}&#8221;][et_pb_column type=&#8221;3_4&#8243; _builder_version=&#8221;4.16&#8243; custom_padding=&#8221;|||&#8221; global_colors_info=&#8221;{}&#8221; custom_padding__hover=&#8221;|||&#8221;][et_pb_text _builder_version=&#8221;4.16&#8243; global_colors_info=&#8221;{}&#8221;]<\/p>\n<p><strong>The Slovenian Institute for Adult Education (SIAE) has been an active member of EAEA<\/strong>. We have supported EAEA&#8217;s initiatives. For example, the founding of the <a href=\"http:\/\/www.lll-interestgroup.eu\/\" target=\"_blank\" rel=\"noopener noreferrer\">Interest Group for Lifelong Learning<\/a> at the European Parliament, the Slovenian representative in the group being Dr Milan Zver.<\/p>\n<p>[\/et_pb_text][\/et_pb_column][et_pb_column type=&#8221;1_4&#8243; _builder_version=&#8221;4.16&#8243; custom_padding=&#8221;|||&#8221; global_colors_info=&#8221;{}&#8221; custom_padding__hover=&#8221;|||&#8221;][et_pb_image src=&#8221;https:\/\/www.acs.si\/wp-content\/uploads\/2018\/04\/\u010clanstvo_v_EAEA.png&#8221; url=&#8221;https:\/\/eaea.org\/our-members\/&#8221; url_new_window=&#8221;on&#8221; align_tablet=&#8221;center&#8221; align_phone=&#8221;center&#8221; align_last_edited=&#8221;on|desktop&#8221; _builder_version=&#8221;4.16&#8243; global_colors_info=&#8221;{}&#8221;][\/et_pb_image][\/et_pb_column][\/et_pb_row][et_pb_row _builder_version=&#8221;4.16&#8243; background_size=&#8221;initial&#8221; background_position=&#8221;top_left&#8221; background_repeat=&#8221;repeat&#8221; global_colors_info=&#8221;{}&#8221;][et_pb_column type=&#8221;4_4&#8243; _builder_version=&#8221;4.16&#8243; custom_padding=&#8221;|||&#8221; global_colors_info=&#8221;{}&#8221; custom_padding__hover=&#8221;|||&#8221;][et_pb_text _builder_version=&#8221;4.16&#8243; global_colors_info=&#8221;{}&#8221;]<\/p>\n<p>In 2017 we joined their initiative Year of Adult Education in Europe. Under the slogan The Power and Joy of Learning we carried out a so called joint action under the umbrella of the Slovenian Lifelong Learning Week and emphasized the role of learning at several national and local events.<\/p>\n<p>In addition, we have collaborated in several projects, e.g. <a href=\"https:\/\/eaea.org\/project\/life-skills-for-europe-lse\/?pid=3396\" target=\"_blank\" rel=\"noopener noreferrer\">LSE<\/a> \u2013 Life Skills for Europe, <a href=\"https:\/\/eaea.org\/project\/awareness-raising-for-adult-learning-and-education-arale\/\" target=\"_blank\" rel=\"noopener noreferrer\">ARALE<\/a>\u00a0\u2013 Awareness Raising for Adult Learning and Education,\u00a0<a href=\"https:\/\/eaea.org\/our-work\/projects\/benefits-of-lifelong-learning\/\" target=\"_blank\" rel=\"noopener noreferrer\">BeLL<\/a>\u00a0\u2013 Benefits of Lifelong Learning,\u00a0<a href=\"https:\/\/eaea.org\/our-work\/projects\/know-your-lifestyle-introducing-sustainable-consumption-in-2nd-chance-education\/\" target=\"_blank\" rel=\"noopener noreferrer\">KYL<\/a>\u00a0\u2013 Know Your Lifestyle,\u00a0<a href=\"https:\/\/eaea.org\/project\/regional-networking-for-adult-learning-in-europe\/\" target=\"_blank\" rel=\"noopener noreferrer\">RENEWAL<\/a>\u00a0\u2013 Regional NetWorking for Adult Learning in Europe,\u00a0<a href=\"https:\/\/eaea.org\/our-work\/projects\/a-toolkit-for-developing-implementing-and-monitoring-adult-education-dima\/\" target=\"_blank\" rel=\"noopener noreferrer\">DIMA<\/a>\u00a0\u2013 A Toolkit for Developing, Implementing and Monitoring Adult Education, and others.<\/p>\n<p>Currently, we are collaborating in\u00a0 <a href=\"https:\/\/eaea.org\/our-work\/projects\/skillhubs\/\" target=\"_blank\" rel=\"noopener noreferrer\">SkillHUBS<\/a>\u00a0project \u2013 Transnational prison up-skilling guidance and training model.<\/p>\n<p>[\/et_pb_text][\/et_pb_column][\/et_pb_row][et_pb_row column_structure=&#8221;2_3,1_3&#8243; _builder_version=&#8221;4.16&#8243; global_colors_info=&#8221;{}&#8221;][et_pb_column type=&#8221;2_3&#8243; _builder_version=&#8221;4.16&#8243; custom_padding=&#8221;|||&#8221; global_colors_info=&#8221;{}&#8221; custom_padding__hover=&#8221;|||&#8221;][et_pb_text _builder_version=&#8221;4.16&#8243; global_colors_info=&#8221;{}&#8221;]<\/p>\n<p>EAEA published the\u00a0first issue of the Manifesto for Adult Learning in the 21st Century in 2016.\u00a0SIAE translated the text and contributed Slovenian examples and learners\u2019 stories:<\/p>\n<ul>\n<li>in English:\u00a0<a href=\"https:\/\/eaea.org\/wp-content\/uploads\/2018\/02\/manifesto.pdf\" target=\"_blank\" rel=\"noopener noreferrer\">Manifesto for Adult Learning in the 21st Century<\/a>\u00a0(2016) and its\u00a0<a href=\"https:\/\/eaea.org\/wp-content\/uploads\/2018\/01\/manifesto1pagers_en.pdf\" target=\"_blank\" rel=\"noopener noreferrer\">one-pager<\/a>;<\/li>\n<li>in Slovenian:\u00a0<a href=\"https:\/\/arhiv.acs.si\/publikacije\/bw_manifesto_full_sl1.pdf\" target=\"_blank\" rel=\"noopener noreferrer\">Manifest za u\u010denje odraslih v 21. stoletju<\/a>\u00a0(2016) and its <a href=\"https:\/\/arhiv.acs.si\/publikacije\/manifesto1pagers_sl1.pdf\" target=\"_blank\" rel=\"noopener noreferrer\">one-pager<\/a>.<\/li>\n<\/ul>\n<p>[\/et_pb_text][\/et_pb_column][et_pb_column type=&#8221;1_3&#8243; _builder_version=&#8221;4.16&#8243; custom_padding=&#8221;|||&#8221; global_colors_info=&#8221;{}&#8221; custom_padding__hover=&#8221;|||&#8221;][et_pb_image src=&#8221;https:\/\/www.acs.si\/wp-content\/uploads\/2019\/05\/Manifesto_for_Adult_Learning_in_the_21st_Century-1.jpg&#8221; align_tablet=&#8221;center&#8221; align_phone=&#8221;center&#8221; align_last_edited=&#8221;on|desktop&#8221; _builder_version=&#8221;4.16&#8243; global_colors_info=&#8221;{}&#8221;][\/et_pb_image][\/et_pb_column][\/et_pb_row][et_pb_row column_structure=&#8221;2_3,1_3&#8243; _builder_version=&#8221;4.16&#8243; global_colors_info=&#8221;{}&#8221;][et_pb_column type=&#8221;2_3&#8243; _builder_version=&#8221;4.16&#8243; custom_padding=&#8221;|||&#8221; global_colors_info=&#8221;{}&#8221; custom_padding__hover=&#8221;|||&#8221;][et_pb_text _builder_version=&#8221;4.16&#8243; global_colors_info=&#8221;{}&#8221;]<\/p>\n<p>In 2019, the EAEA released an updated version of the Manifesto for Adult Learning in the 21st Century: The Power and Joy of Learning. We also translated its messages and supplemented them with the Slovenian stories:<\/p>\n<ul>\n<li>in English:\u00a0<a href=\"https:\/\/eaea.org\/wp-content\/uploads\/2019\/02\/eaea_manifesto_final_web-.pdf\" target=\"_blank\" rel=\"noopener noreferrer\">Manifesto for Adult Learning in the 21st Century: The Power and Joy of Learning<\/a>\u00a0(2019) and its <a href=\"https:\/\/eaea.org\/wp-content\/uploads\/2019\/02\/eaea_2019_manifesto_A4_final_web.pdf\" target=\"_blank\" rel=\"noopener noreferrer\">one-pager<\/a>;<\/li>\n<li>in Slovenian:\u00a0<a href=\"https:\/\/arhiv.acs.si\/publikacije\/Manifest_za_ucenje_odraslih_v_21_stoletju-2019.pdf\" target=\"_blank\" rel=\"noopener noreferrer\">Manifest za u\u010denje odraslih v 21. stoletju: Mo\u010d in radost u\u010denja<\/a> (2019) and its\u00a0<a href=\"https:\/\/arhiv.acs.si\/drobni_tisk\/Manifest_za_ucenje_odraslih_v_21_stoletju-2019.pdf\" target=\"_blank\" rel=\"noopener noreferrer\">one-pager<\/a>.<\/li>\n<\/ul>\n<p>[\/et_pb_text][\/et_pb_column][et_pb_column type=&#8221;1_3&#8243; _builder_version=&#8221;4.16&#8243; custom_padding=&#8221;|||&#8221; global_colors_info=&#8221;{}&#8221; custom_padding__hover=&#8221;|||&#8221;][et_pb_image src=&#8221;https:\/\/www.acs.si\/wp-content\/uploads\/2019\/05\/Manifesto_for_Adult_Learning_in_the_21st_Century.jpg&#8221; align_tablet=&#8221;center&#8221; align_phone=&#8221;center&#8221; align_last_edited=&#8221;on|desktop&#8221; _builder_version=&#8221;4.16&#8243; global_colors_info=&#8221;{}&#8221;][\/et_pb_image][\/et_pb_column][\/et_pb_row][et_pb_row _builder_version=&#8221;4.16&#8243; global_colors_info=&#8221;{}&#8221;][et_pb_column type=&#8221;4_4&#8243; _builder_version=&#8221;4.16&#8243; custom_padding=&#8221;|||&#8221; global_colors_info=&#8221;{}&#8221; custom_padding__hover=&#8221;|||&#8221;][et_pb_text _builder_version=&#8221;4.17.2&#8243; hover_enabled=&#8221;0&#8243; global_colors_info=&#8221;{}&#8221; sticky_enabled=&#8221;0&#8243;]<\/p>\n<p>EAEA is active also via <a href=\"https:\/\/www.linkedin.com\/company\/eaea\/posts\/?feedView=all\">LinkedIn<\/a>, <a href=\"https:\/\/www.facebook.com\/pages\/EAEA\/142522189151259?ref=hl\" target=\"_blank\" rel=\"noopener noreferrer\">Facebook<\/a>, <a href=\"https:\/\/bsky.app\/profile\/eaea.org\">Bluesky<\/a> and <a href=\"https:\/\/www.youtube.com\/channel\/UCwKI9kJC3pAHF9qNJsc4GFg\" target=\"_blank\" rel=\"noopener noreferrer\">YouTube<\/a>.<\/p>\n<p>[\/et_pb_text][\/et_pb_column][\/et_pb_row][\/et_pb_section]<\/p>\n","protected":false},"excerpt":{"rendered":"<p>The European&#8230;<\/p>\n","protected":false},"author":41,"featured_media":0,"parent":28207,"menu_order":0,"comment_status":"closed","ping_status":"closed","template":"","meta":{"_acf_changed":false,"_et_pb_use_builder":"on","_et_pb_old_content":"<p>Evropsko zdru\u017eenje za izobra\u017eevanje odraslih (<a href=\"http:\/\/www.eaea.org\/\">EAEA<\/a>) je nevladna organizacija, ustanovljena leta 1953. Pod svojim okriljem ima nad 140 ustanov \u010dlanic iz 44 dr\u017eav.<\/p><p>Poglavitne naloge EAEA so:<\/p><ul><li>zagovorni\u0161tvo \u2013 \u0161e posebej kar zadeva politiko neformalnega izobra\u017eevanja odraslih in vse\u017eivljenjskega u\u010denja \u2013, sodelovanje z dr\u017eavnimi in regionalnimi oblastmi, mnogimi nevladnimi organizacijami z mednarodnim ali dr\u017eavnim dometom, dejavno \u010dlanstvo v evropskih zdru\u017eenjih in platformah ter zastopanje civilne dru\u017ebe v delovnih skupinah in na konferencah Evropske komisije;<\/li><li>izdaja <a href=\"https:\/\/eaea.org\/our-resources\/publications\/\">publikacij<\/a>, poro\u010dil, priro\u010dnikov ter kratkih informacij o aktualnih dogajanjih v izobra\u017eevanju odraslih;<\/li><li>podpora mre\u017eenja \u010dlanic EAEA in drugih dele\u017enikov v izobra\u017eevanju odraslih v Evropi in svetu, sodelovanje z nosilci odlo\u010ditev na ravni EU ter drugimi raziskovalnimi in razvojnimi ustanovami, vklju\u010dno z univerzami;<\/li><li>povezovanje s svojimi \u010dlanicami kot nosilci ali partnerji v projektih Erasmus+.<\/li><\/ul><p><strong>Andrago\u0161ki center Slovenije je \u017ee vrsto let dejaven \u010dlan EAEA<\/strong>, skupaj z njimi smo v zadnjih letih uresni\u010dili kar nekaj pobud, na primer ustanovitev <a href=\"http:\/\/www.lll-interestgroup.eu\/\">Interesne skupine za vse\u017eivljenjsko u\u010denje<\/a> pri Evropskem parlamentu, v kateri Slovenijo zastopa dr. Milan Zver.<\/p><p>V letu 2017 smo se pridru\u017eili njihovi pobudi Leto izobra\u017eevanja odraslih v Evropi (Year of Adult Education in Europe) ter pod sloganom Mo\u010d in radost u\u010denja (The Power and Joy of Learning) izpeljali skupno akcijo v Tednu vse\u017eivljenjskega u\u010denja 2017 in izpostavili mnoge druge dogodke v izobra\u017eevanju odraslih.<\/p><p>Z EAEA smo sodelovali tudi v \u0161tevilnih projektih,\u00a0na primer <a href=\"https:\/\/eaea.org\/project\/awareness-raising-for-adult-learning-and-education-arale\/\">ARALE<\/a> \u2013 Ve\u010dja ozave\u0161\u010denost o izobra\u017eevanju in u\u010denju odraslih, <a href=\"https:\/\/eaea.org\/our-work\/projects\/benefits-of-lifelong-learning\/\">BeLL<\/a> \u2013 U\u010dinki vse\u017eivljenjskega u\u010denja, <a href=\"https:\/\/eaea.org\/our-work\/projects\/know-your-lifestyle-introducing-sustainable-consumption-in-2nd-chance-education\/\">KYL<\/a> \u2013 Spoznaj svoj \u017eivljenjski slog, <a href=\"https:\/\/eaea.org\/project\/regional-networking-for-adult-learning-in-europe\/\">RENEWAL<\/a> \u2013 Regionalno mre\u017eenje v izobra\u017eevanju odraslih v Evropi, <a href=\"https:\/\/eaea.org\/our-work\/projects\/a-toolkit-for-developing-implementing-and-monitoring-adult-education-dima\/\">DIMA<\/a> \u2013 Orodje za razvoj, izvajanje in spremljanje strategij izobra\u017eevanja odraslih in druge.<\/p><p>Trenutno sodelujemo v dveh projektih: <a href=\"https:\/\/eaea.org\/project\/life-skills-for-europe-lse\/\">LSE<\/a> \u2013 \u017divljenjske spretnosti odraslih v Evropi in <a href=\"https:\/\/eaea.org\/our-work\/projects\/skillhubs\/\">SkillHUBS<\/a> \u2013 Razvoj modelov izobra\u017eevanja zaprtih oseb.<\/p><p>Zdru\u017eenje EAEA je v letu 2016 izdalo <strong>Manifest za u\u010denje odraslih v 21. stoletju<\/strong>. Besedilo smo prevedli in ga opremili s slovenskimi primeri in zgodbami u\u010de\u010dih se:<\/p><ul><li>angle\u0161ki razli\u010dici: <a href=\"http:\/\/www.eaea.org\/media\/policy-advocacy\/manifesto\/manifesto.pdf\">Manifesto for Adult Learning in the 21st Century<\/a> in istoimenski <a href=\"http:\/\/www.eaea.org\/media\/policy-advocacy\/manifesto\/manifesto1pagers_en.pdf\">letak<\/a><\/li><li>slovenski razli\u010dici: <a href=\"https:\/\/arhiv.acs.si\/publikacije\/bw_manifesto_full_sl1.pdf\">Manifest za u\u010denje odraslih v 21. stoletju<\/a> in istoimenski <a href=\"https:\/\/arhiv.acs.si\/publikacije\/manifesto1pagers_sl1.pdf\">letak<\/a><\/li><\/ul><p>EAEA deluje tudi prek <a href=\"https:\/\/www.facebook.com\/pages\/EAEA\/142522189151259?ref=hl\">Facebook<\/a>-a, <a href=\"https:\/\/twitter.com\/EAEA2020\">Twitter<\/a>-ja in <a href=\"https:\/\/www.youtube.com\/channel\/UCwKI9kJC3pAHF9qNJsc4GFg\">YouTube<\/a>.<\/p>","_et_gb_content_width":"","inline_featured_image":false,"footnotes":""},"class_list":["post-26291","page","type-page","status-publish","hentry"],"acf":[],"yoast_head":"<!-- This site is optimized with the Yoast SEO plugin v26.2 - https:\/\/yoast.com\/wordpress\/plugins\/seo\/ -->\n<title>EAEA Membership | Andrago\u0161ki center Republike Slovenije<\/title>\n<meta name=\"robots\" content=\"index, follow, max-snippet:-1, max-image-preview:large, max-video-preview:-1\" \/>\n<link rel=\"canonical\" href=\"https:\/\/www.acs.si\/en\/international-cooperation\/eaea-membership\/\" \/>\n<meta property=\"og:locale\" content=\"en_US\" \/>\n<meta property=\"og:type\" content=\"article\" \/>\n<meta property=\"og:title\" content=\"EAEA Membership | Andrago\u0161ki center Republike Slovenije\" \/>\n<meta property=\"og:description\" content=\"The European...\" \/>\n<meta property=\"og:url\" content=\"https:\/\/www.acs.si\/en\/international-cooperation\/eaea-membership\/\" \/>\n<meta property=\"og:site_name\" content=\"Andrago\u0161ki center Republike Slovenije\" \/>\n<meta property=\"article:publisher\" content=\"https:\/\/www.facebook.com\/AndragoskiCenterSlovenije\/\" \/>\n<meta property=\"article:modified_time\" content=\"2025-02-06T06:31:34+00:00\" \/>\n<meta name=\"twitter:card\" content=\"summary_large_image\" \/>\n<meta name=\"twitter:label1\" content=\"Est. reading time\" \/>\n\t<meta name=\"twitter:data1\" content=\"3 minutes\" \/>\n<script type=\"application\/ld+json\" class=\"yoast-schema-graph\">{\"@context\":\"https:\/\/schema.org\",\"@graph\":[{\"@type\":\"WebPage\",\"@id\":\"https:\/\/www.acs.si\/en\/international-cooperation\/eaea-membership\/\",\"url\":\"https:\/\/www.acs.si\/en\/international-cooperation\/eaea-membership\/\",\"name\":\"EAEA Membership | Andrago\u0161ki center Republike Slovenije\",\"isPartOf\":{\"@id\":\"https:\/\/www.acs.si\/#website\"},\"datePublished\":\"2017-12-13T13:11:58+00:00\",\"dateModified\":\"2025-02-06T06:31:34+00:00\",\"breadcrumb\":{\"@id\":\"https:\/\/www.acs.si\/en\/international-cooperation\/eaea-membership\/#breadcrumb\"},\"inLanguage\":\"en-US\",\"potentialAction\":[{\"@type\":\"ReadAction\",\"target\":[\"https:\/\/www.acs.si\/en\/international-cooperation\/eaea-membership\/\"]}]},{\"@type\":\"BreadcrumbList\",\"@id\":\"https:\/\/www.acs.si\/en\/international-cooperation\/eaea-membership\/#breadcrumb\",\"itemListElement\":[{\"@type\":\"ListItem\",\"position\":1,\"name\":\"Home\",\"item\":\"https:\/\/www.acs.si\/en\/\"},{\"@type\":\"ListItem\",\"position\":2,\"name\":\"International Cooperation\",\"item\":\"https:\/\/www.acs.si\/en\/international-cooperation\/\"},{\"@type\":\"ListItem\",\"position\":3,\"name\":\"EAEA Membership\"}]},{\"@type\":\"WebSite\",\"@id\":\"https:\/\/www.acs.si\/#website\",\"url\":\"https:\/\/www.acs.si\/\",\"name\":\"Andrago\u0161ki center Republike Slovenije\",\"description\":\"\",\"potentialAction\":[{\"@type\":\"SearchAction\",\"target\":{\"@type\":\"EntryPoint\",\"urlTemplate\":\"https:\/\/www.acs.si\/?s={search_term_string}\"},\"query-input\":{\"@type\":\"PropertyValueSpecification\",\"valueRequired\":true,\"valueName\":\"search_term_string\"}}],\"inLanguage\":\"en-US\"}]}<\/script>\n<!-- \/ Yoast SEO plugin. -->","yoast_head_json":{"title":"EAEA Membership | Andrago\u0161ki center Republike Slovenije","robots":{"index":"index","follow":"follow","max-snippet":"max-snippet:-1","max-image-preview":"max-image-preview:large","max-video-preview":"max-video-preview:-1"},"canonical":"https:\/\/www.acs.si\/en\/international-cooperation\/eaea-membership\/","og_locale":"en_US","og_type":"article","og_title":"EAEA Membership | Andrago\u0161ki center Republike Slovenije","og_description":"The European...","og_url":"https:\/\/www.acs.si\/en\/international-cooperation\/eaea-membership\/","og_site_name":"Andrago\u0161ki center Republike Slovenije","article_publisher":"https:\/\/www.facebook.com\/AndragoskiCenterSlovenije\/","article_modified_time":"2025-02-06T06:31:34+00:00","twitter_card":"summary_large_image","twitter_misc":{"Est. reading time":"3 minutes"},"schema":{"@context":"https:\/\/schema.org","@graph":[{"@type":"WebPage","@id":"https:\/\/www.acs.si\/en\/international-cooperation\/eaea-membership\/","url":"https:\/\/www.acs.si\/en\/international-cooperation\/eaea-membership\/","name":"EAEA Membership | Andrago\u0161ki center Republike Slovenije","isPartOf":{"@id":"https:\/\/www.acs.si\/#website"},"datePublished":"2017-12-13T13:11:58+00:00","dateModified":"2025-02-06T06:31:34+00:00","breadcrumb":{"@id":"https:\/\/www.acs.si\/en\/international-cooperation\/eaea-membership\/#breadcrumb"},"inLanguage":"en-US","potentialAction":[{"@type":"ReadAction","target":["https:\/\/www.acs.si\/en\/international-cooperation\/eaea-membership\/"]}]},{"@type":"BreadcrumbList","@id":"https:\/\/www.acs.si\/en\/international-cooperation\/eaea-membership\/#breadcrumb","itemListElement":[{"@type":"ListItem","position":1,"name":"Home","item":"https:\/\/www.acs.si\/en\/"},{"@type":"ListItem","position":2,"name":"International Cooperation","item":"https:\/\/www.acs.si\/en\/international-cooperation\/"},{"@type":"ListItem","position":3,"name":"EAEA Membership"}]},{"@type":"WebSite","@id":"https:\/\/www.acs.si\/#website","url":"https:\/\/www.acs.si\/","name":"Andrago\u0161ki center Republike Slovenije","description":"","potentialAction":[{"@type":"SearchAction","target":{"@type":"EntryPoint","urlTemplate":"https:\/\/www.acs.si\/?s={search_term_string}"},"query-input":{"@type":"PropertyValueSpecification","valueRequired":true,"valueName":"search_term_string"}}],"inLanguage":"en-US"}]}},"_links":{"self":[{"href":"https:\/\/www.acs.si\/en\/wp-json\/wp\/v2\/pages\/26291","targetHints":{"allow":["GET"]}}],"collection":[{"href":"https:\/\/www.acs.si\/en\/wp-json\/wp\/v2\/pages"}],"about":[{"href":"https:\/\/www.acs.si\/en\/wp-json\/wp\/v2\/types\/page"}],"author":[{"embeddable":true,"href":"https:\/\/www.acs.si\/en\/wp-json\/wp\/v2\/users\/41"}],"replies":[{"embeddable":true,"href":"https:\/\/www.acs.si\/en\/wp-json\/wp\/v2\/comments?post=26291"}],"version-history":[{"count":12,"href":"https:\/\/www.acs.si\/en\/wp-json\/wp\/v2\/pages\/26291\/revisions"}],"predecessor-version":[{"id":78186,"href":"https:\/\/www.acs.si\/en\/wp-json\/wp\/v2\/pages\/26291\/revisions\/78186"}],"up":[{"embeddable":true,"href":"https:\/\/www.acs.si\/en\/wp-json\/wp\/v2\/pages\/28207"}],"wp:attachment":[{"href":"https:\/\/www.acs.si\/en\/wp-json\/wp\/v2\/media?parent=26291"}],"curies":[{"name":"wp","href":"https:\/\/api.w.org\/{rel}","templated":true}]}}